{"id":3310,"date":"2020-02-21T05:33:34","date_gmt":"2020-02-21T02:33:34","guid":{"rendered":"https:\/\/amplifylogistics.com\/?page_id=3310"},"modified":"2022-12-26T19:36:43","modified_gmt":"2022-12-26T16:36:43","slug":"transporte-de-carga-aerea","status":"publish","type":"page","link":"https:\/\/amplifylogistics.com\/es\/transporte-de-carga-aerea\/","title":{"rendered":"Transporte de carga a\u00e9rea"},"content":{"rendered":"","protected":false},"excerpt":{"rendered":"","protected":false},"author":2,"featured_media":3044,"parent":0,"menu_order":0,"comment_status":"closed","ping_status":"closed","template":"","meta":{"_acf_changed":false,"footnotes":""},"class_list":["post-3310","page","type-page","status-publish","has-post-thumbnail","hentry"],"acf":[],"yoast_head":"<!-- This site is optimized with the Yoast SEO plugin v25.5 - https:\/\/yoast.com\/wordpress\/plugins\/seo\/ -->\n<title>Servicios de env\u00edo de carga a\u00e9rea | Ampl\u00ede la log\u00edstica<\/title>\n<meta name=\"description\" content=\"Amplify Logistics ofrece servicios de env\u00edo y transporte de carga a\u00e9rea r\u00e1pidos y confiables. Para obtener informaci\u00f3n sobre el costo y discutir los detalles de su env\u00edo, llame ahora al 905-459-0718\" \/>\n<meta name=\"robots\" content=\"index, follow, max-snippet:-1, max-image-preview:large, max-video-preview:-1\" \/>\n<link rel=\"canonical\" href=\"https:\/\/amplifylogistics.com\/es\/transporte-de-carga-aerea\/\" \/>\n<meta property=\"og:locale\" content=\"es_ES\" \/>\n<meta property=\"og:type\" content=\"article\" \/>\n<meta property=\"og:title\" content=\"Servicios de env\u00edo de carga a\u00e9rea | Ampl\u00ede la log\u00edstica\" \/>\n<meta property=\"og:description\" content=\"Amplify Logistics ofrece servicios de env\u00edo y transporte de carga a\u00e9rea r\u00e1pidos y confiables. Para obtener informaci\u00f3n sobre el costo y discutir los detalles de su env\u00edo, llame ahora al 905-459-0718\" \/>\n<meta property=\"og:url\" content=\"https:\/\/amplifylogistics.com\/es\/transporte-de-carga-aerea\/\" \/>\n<meta property=\"og:site_name\" content=\"Amplify\" \/>\n<meta property=\"article:modified_time\" content=\"2022-12-26T16:36:43+00:00\" \/>\n<meta property=\"og:image\" content=\"https:\/\/amplifylogistics.com\/wp-content\/uploads\/2019\/12\/Express-car-transportation-1.jpg\" \/>\n\t<meta property=\"og:image:width\" content=\"960\" \/>\n\t<meta property=\"og:image:height\" content=\"565\" \/>\n\t<meta property=\"og:image:type\" content=\"image\/jpeg\" \/>\n<meta name=\"twitter:card\" content=\"summary_large_image\" \/>\n<script type=\"application\/ld+json\" class=\"yoast-schema-graph\">{\"@context\":\"https:\/\/schema.org\",\"@graph\":[{\"@type\":\"WebPage\",\"@id\":\"https:\/\/amplifylogistics.com\/es\/transporte-de-carga-aerea\/\",\"url\":\"https:\/\/amplifylogistics.com\/es\/transporte-de-carga-aerea\/\",\"name\":\"Servicios de env\u00edo de carga a\u00e9rea | Ampl\u00ede la log\u00edstica\",\"isPartOf\":{\"@id\":\"https:\/\/amplifylogistics.com\/es\/#website\"},\"primaryImageOfPage\":{\"@id\":\"https:\/\/amplifylogistics.com\/es\/transporte-de-carga-aerea\/#primaryimage\"},\"image\":{\"@id\":\"https:\/\/amplifylogistics.com\/es\/transporte-de-carga-aerea\/#primaryimage\"},\"thumbnailUrl\":\"https:\/\/amplifylogistics.com\/wp-content\/uploads\/2019\/12\/Express-car-transportation-1.jpg\",\"datePublished\":\"2020-02-21T02:33:34+00:00\",\"dateModified\":\"2022-12-26T16:36:43+00:00\",\"description\":\"Amplify Logistics ofrece servicios de env\u00edo y transporte de carga a\u00e9rea r\u00e1pidos y confiables. Para obtener informaci\u00f3n sobre el costo y discutir los detalles de su env\u00edo, llame ahora al 905-459-0718\",\"breadcrumb\":{\"@id\":\"https:\/\/amplifylogistics.com\/es\/transporte-de-carga-aerea\/#breadcrumb\"},\"inLanguage\":\"es\",\"potentialAction\":[{\"@type\":\"ReadAction\",\"target\":[\"https:\/\/amplifylogistics.com\/es\/transporte-de-carga-aerea\/\"]}]},{\"@type\":\"ImageObject\",\"inLanguage\":\"es\",\"@id\":\"https:\/\/amplifylogistics.com\/es\/transporte-de-carga-aerea\/#primaryimage\",\"url\":\"https:\/\/amplifylogistics.com\/wp-content\/uploads\/2019\/12\/Express-car-transportation-1.jpg\",\"contentUrl\":\"https:\/\/amplifylogistics.com\/wp-content\/uploads\/2019\/12\/Express-car-transportation-1.jpg\",\"width\":960,\"height\":565},{\"@type\":\"BreadcrumbList\",\"@id\":\"https:\/\/amplifylogistics.com\/es\/transporte-de-carga-aerea\/#breadcrumb\",\"itemListElement\":[{\"@type\":\"ListItem\",\"position\":1,\"name\":\"Home\",\"item\":\"https:\/\/amplifylogistics.com\/es\/hogar\/\"},{\"@type\":\"ListItem\",\"position\":2,\"name\":\"Transporte de carga a\u00e9rea\"}]},{\"@type\":\"WebSite\",\"@id\":\"https:\/\/amplifylogistics.com\/es\/#website\",\"url\":\"https:\/\/amplifylogistics.com\/es\/\",\"name\":\"Amplify\",\"description\":\"Powerful transport & best logistic solution .Use only the highest quality services that will make your life easier\",\"potentialAction\":[{\"@type\":\"SearchAction\",\"target\":{\"@type\":\"EntryPoint\",\"urlTemplate\":\"https:\/\/amplifylogistics.com\/es\/?s={search_term_string}\"},\"query-input\":{\"@type\":\"PropertyValueSpecification\",\"valueRequired\":true,\"valueName\":\"search_term_string\"}}],\"inLanguage\":\"es\"}]}<\/script>\n<!-- \/ Yoast SEO plugin. -->","yoast_head_json":{"title":"Servicios de env\u00edo de carga a\u00e9rea | Ampl\u00ede la log\u00edstica","description":"Amplify Logistics ofrece servicios de env\u00edo y transporte de carga a\u00e9rea r\u00e1pidos y confiables. Para obtener informaci\u00f3n sobre el costo y discutir los detalles de su env\u00edo, llame ahora al 905-459-0718","robots":{"index":"index","follow":"follow","max-snippet":"max-snippet:-1","max-image-preview":"max-image-preview:large","max-video-preview":"max-video-preview:-1"},"canonical":"https:\/\/amplifylogistics.com\/es\/transporte-de-carga-aerea\/","og_locale":"es_ES","og_type":"article","og_title":"Servicios de env\u00edo de carga a\u00e9rea | Ampl\u00ede la log\u00edstica","og_description":"Amplify Logistics ofrece servicios de env\u00edo y transporte de carga a\u00e9rea r\u00e1pidos y confiables. Para obtener informaci\u00f3n sobre el costo y discutir los detalles de su env\u00edo, llame ahora al 905-459-0718","og_url":"https:\/\/amplifylogistics.com\/es\/transporte-de-carga-aerea\/","og_site_name":"Amplify","article_modified_time":"2022-12-26T16:36:43+00:00","og_image":[{"width":960,"height":565,"url":"https:\/\/amplifylogistics.com\/wp-content\/uploads\/2019\/12\/Express-car-transportation-1.jpg","type":"image\/jpeg"}],"twitter_card":"summary_large_image","schema":{"@context":"https:\/\/schema.org","@graph":[{"@type":"WebPage","@id":"https:\/\/amplifylogistics.com\/es\/transporte-de-carga-aerea\/","url":"https:\/\/amplifylogistics.com\/es\/transporte-de-carga-aerea\/","name":"Servicios de env\u00edo de carga a\u00e9rea | Ampl\u00ede la log\u00edstica","isPartOf":{"@id":"https:\/\/amplifylogistics.com\/es\/#website"},"primaryImageOfPage":{"@id":"https:\/\/amplifylogistics.com\/es\/transporte-de-carga-aerea\/#primaryimage"},"image":{"@id":"https:\/\/amplifylogistics.com\/es\/transporte-de-carga-aerea\/#primaryimage"},"thumbnailUrl":"https:\/\/amplifylogistics.com\/wp-content\/uploads\/2019\/12\/Express-car-transportation-1.jpg","datePublished":"2020-02-21T02:33:34+00:00","dateModified":"2022-12-26T16:36:43+00:00","description":"Amplify Logistics ofrece servicios de env\u00edo y transporte de carga a\u00e9rea r\u00e1pidos y confiables. Para obtener informaci\u00f3n sobre el costo y discutir los detalles de su env\u00edo, llame ahora al 905-459-0718","breadcrumb":{"@id":"https:\/\/amplifylogistics.com\/es\/transporte-de-carga-aerea\/#breadcrumb"},"inLanguage":"es","potentialAction":[{"@type":"ReadAction","target":["https:\/\/amplifylogistics.com\/es\/transporte-de-carga-aerea\/"]}]},{"@type":"ImageObject","inLanguage":"es","@id":"https:\/\/amplifylogistics.com\/es\/transporte-de-carga-aerea\/#primaryimage","url":"https:\/\/amplifylogistics.com\/wp-content\/uploads\/2019\/12\/Express-car-transportation-1.jpg","contentUrl":"https:\/\/amplifylogistics.com\/wp-content\/uploads\/2019\/12\/Express-car-transportation-1.jpg","width":960,"height":565},{"@type":"BreadcrumbList","@id":"https:\/\/amplifylogistics.com\/es\/transporte-de-carga-aerea\/#breadcrumb","itemListElement":[{"@type":"ListItem","position":1,"name":"Home","item":"https:\/\/amplifylogistics.com\/es\/hogar\/"},{"@type":"ListItem","position":2,"name":"Transporte de carga a\u00e9rea"}]},{"@type":"WebSite","@id":"https:\/\/amplifylogistics.com\/es\/#website","url":"https:\/\/amplifylogistics.com\/es\/","name":"Amplify","description":"Powerful transport & best logistic solution .Use only the highest quality services that will make your life easier","potentialAction":[{"@type":"SearchAction","target":{"@type":"EntryPoint","urlTemplate":"https:\/\/amplifylogistics.com\/es\/?s={search_term_string}"},"query-input":{"@type":"PropertyValueSpecification","valueRequired":true,"valueName":"search_term_string"}}],"inLanguage":"es"}]}},"_links":{"self":[{"href":"https:\/\/amplifylogistics.com\/es\/wp-json\/wp\/v2\/pages\/3310","targetHints":{"allow":["GET"]}}],"collection":[{"href":"https:\/\/amplifylogistics.com\/es\/wp-json\/wp\/v2\/pages"}],"about":[{"href":"https:\/\/amplifylogistics.com\/es\/wp-json\/wp\/v2\/types\/page"}],"author":[{"embeddable":true,"href":"https:\/\/amplifylogistics.com\/es\/wp-json\/wp\/v2\/users\/2"}],"replies":[{"embeddable":true,"href":"https:\/\/amplifylogistics.com\/es\/wp-json\/wp\/v2\/comments?post=3310"}],"version-history":[{"count":1,"href":"https:\/\/amplifylogistics.com\/es\/wp-json\/wp\/v2\/pages\/3310\/revisions"}],"predecessor-version":[{"id":3636,"href":"https:\/\/amplifylogistics.com\/es\/wp-json\/wp\/v2\/pages\/3310\/revisions\/3636"}],"wp:featuredmedia":[{"embeddable":true,"href":"https:\/\/amplifylogistics.com\/es\/wp-json\/wp\/v2\/media\/3044"}],"wp:attachment":[{"href":"https:\/\/amplifylogistics.com\/es\/wp-json\/wp\/v2\/media?parent=3310"}],"curies":[{"name":"wp","href":"https:\/\/api.w.org\/{rel}","templated":true}]}}