{"id":3312,"date":"2019-08-15T17:44:18","date_gmt":"2019-08-15T14:44:18","guid":{"rendered":"https:\/\/amplifylogistics.com\/?page_id=3312"},"modified":"2022-12-29T14:20:27","modified_gmt":"2022-12-29T11:20:27","slug":"blogs","status":"publish","type":"page","link":"https:\/\/amplifylogistics.com\/es\/blogs\/","title":{"rendered":"Blogs"},"content":{"rendered":"<div class=\"blog_page\"><div class=\"pt-cv-wrapper\"><div class=\"pt-cv-view pt-cv-grid pt-cv-colsys pt-cv-pgregular pt-cv-center\" id=\"pt-cv-view-21bb7b52dt\"><div data-id=\"pt-cv-page-1\" class=\"pt-cv-page\" data-cvc=\"2\"><div class=\"col-md-6 col-sm-6 col-xs-12 pt-cv-content-item pt-cv-1-col\"  data-pid=\"3406\"><div class='pt-cv-ifield'><a href=\"https:\/\/amplifylogistics.com\/es\/actualizaciones-recientes-de-covid-19-para-conductores-de-camiones\/\" class=\"_self pt-cv-href-thumbnail pt-cv-thumb-default cvplbd cvp-lazy-container cvp-responsive-image img-none\" target=\"_self\" data-iw=\"1000\" data-ih=\"600\"><img fetchpriority=\"high\" decoding=\"async\" width=\"1620\" height=\"1080\" src=\"https:\/\/amplifylogistics.com\/wp-content\/plugins\/pt-content-views-pro\/public\/assets\/images\/lazy_image.png\" class=\"pt-cv-thumbnail img-none cvplazy\" alt=\"Recent COVID-19 Updates for Truck Drivers\" data-cvpsrc=\"https:\/\/amplifylogistics.com\/wp-content\/uploads\/2021\/06\/Recent-COVID-19-Updates-for-Truck-Drivers-black.jpg\" data-cvpset=\"https:\/\/amplifylogistics.com\/wp-content\/uploads\/2021\/06\/Recent-COVID-19-Updates-for-Truck-Drivers-black.jpg 1620w, https:\/\/amplifylogistics.com\/wp-content\/uploads\/2021\/06\/Recent-COVID-19-Updates-for-Truck-Drivers-black-300x200.jpg 300w, https:\/\/amplifylogistics.com\/wp-content\/uploads\/2021\/06\/Recent-COVID-19-Updates-for-Truck-Drivers-black-768x512.jpg 768w, https:\/\/amplifylogistics.com\/wp-content\/uploads\/2021\/06\/Recent-COVID-19-Updates-for-Truck-Drivers-black-1536x1024.jpg 1536w\" \/><\/a>\n<h4 class=\"pt-cv-title\"><a href=\"https:\/\/amplifylogistics.com\/es\/actualizaciones-recientes-de-covid-19-para-conductores-de-camiones\/\" class=\"_self cvplbd\" target=\"_self\" data-iw=\"1000\" data-ih=\"600\">Actualizaciones recientes de COVID-19 para conductores de camiones<\/a><\/h4>\n<div class=\"pt-cv-content\">Los conductores de camiones internacionales, locales y nacionales que son trabajadores rotativos registrados y residentes de la Isla del Pr\u00edncipe Eduardo no est\u00e1n obligados a aislarse despu\u00e9s de dar negativo ...<br \/><div class=\"pt-cv-rmwrap\"><a href=\"https:\/\/amplifylogistics.com\/es\/actualizaciones-recientes-de-covid-19-para-conductores-de-camiones\/\" class=\"_self pt-cv-readmore btn btn-success cvplbd\" target=\"_self\" data-iw=\"1000\" data-ih=\"600\">Leer m\u00e1s<\/a><\/div><\/div><\/div><\/div>\n<div class=\"col-md-6 col-sm-6 col-xs-12 pt-cv-content-item pt-cv-1-col\"  data-pid=\"3447\"><div class='pt-cv-ifield'><a href=\"https:\/\/amplifylogistics.com\/es\/el-desafio-de-exportacion-del-ceta-en-canada\/\" class=\"_self pt-cv-href-thumbnail pt-cv-thumb-default cvplbd cvp-lazy-container cvp-responsive-image img-none\" target=\"_self\" data-iw=\"1000\" data-ih=\"600\"><img decoding=\"async\" width=\"1621\" height=\"1080\" src=\"https:\/\/amplifylogistics.com\/wp-content\/plugins\/pt-content-views-pro\/public\/assets\/images\/lazy_image.png\" class=\"pt-cv-thumbnail img-none cvplazy\" alt=\"El desaf\u00edo de exportaci\u00f3n del CETA en Canad\u00e1\" data-cvpsrc=\"https:\/\/amplifylogistics.com\/wp-content\/uploads\/2021\/06\/Canadas-CETA-Export-Challenge-black.jpg\" data-cvpset=\"https:\/\/amplifylogistics.com\/wp-content\/uploads\/2021\/06\/Canadas-CETA-Export-Challenge-black.jpg 1621w, https:\/\/amplifylogistics.com\/wp-content\/uploads\/2021\/06\/Canadas-CETA-Export-Challenge-black-300x200.jpg 300w, https:\/\/amplifylogistics.com\/wp-content\/uploads\/2021\/06\/Canadas-CETA-Export-Challenge-black-768x512.jpg 768w, https:\/\/amplifylogistics.com\/wp-content\/uploads\/2021\/06\/Canadas-CETA-Export-Challenge-black-1536x1023.jpg 1536w\" \/><\/a>\n<h4 class=\"pt-cv-title\"><a href=\"https:\/\/amplifylogistics.com\/es\/el-desafio-de-exportacion-del-ceta-en-canada\/\" class=\"_self cvplbd\" target=\"_self\" data-iw=\"1000\" data-ih=\"600\">El desaf\u00edo de exportaci\u00f3n del CETA en Canad\u00e1<\/a><\/h4>\n<div class=\"pt-cv-content\">El Acuerdo Econ\u00f3mico y Comercial Global parece ser el acuerdo m\u00e1s ambicioso de la Organizaci\u00f3n Mundial del Comercio, pero ya est\u00e1 recibiendo un fuerte apoyo de la mayor\u00eda de los ...<br \/><div class=\"pt-cv-rmwrap\"><a href=\"https:\/\/amplifylogistics.com\/es\/el-desafio-de-exportacion-del-ceta-en-canada\/\" class=\"_self pt-cv-readmore btn btn-success cvplbd\" target=\"_self\" data-iw=\"1000\" data-ih=\"600\">Leer m\u00e1s<\/a><\/div><\/div><\/div><\/div>\n<div class=\"col-md-6 col-sm-6 col-xs-12 pt-cv-content-item pt-cv-1-col\"  data-pid=\"3407\"><div class='pt-cv-ifield'><a href=\"https:\/\/amplifylogistics.com\/es\/consejos-para-elegir-un-agente-de-carga-confiable\/\" class=\"_self pt-cv-href-thumbnail pt-cv-thumb-default cvplbd cvp-lazy-container cvp-responsive-image img-none\" target=\"_self\" data-iw=\"1000\" data-ih=\"600\"><img decoding=\"async\" width=\"1000\" height=\"669\" src=\"https:\/\/amplifylogistics.com\/wp-content\/plugins\/pt-content-views-pro\/public\/assets\/images\/lazy_image.png\" class=\"pt-cv-thumbnail img-none cvplazy\" alt=\"Trade Compliance Participants\" data-cvpsrc=\"https:\/\/amplifylogistics.com\/wp-content\/uploads\/2020\/03\/temperature-sensitive-goods.jpg\" data-cvpset=\"https:\/\/amplifylogistics.com\/wp-content\/uploads\/2020\/03\/temperature-sensitive-goods.jpg 1000w, https:\/\/amplifylogistics.com\/wp-content\/uploads\/2020\/03\/temperature-sensitive-goods-300x201.jpg 300w, https:\/\/amplifylogistics.com\/wp-content\/uploads\/2020\/03\/temperature-sensitive-goods-768x514.jpg 768w\" \/><\/a>\n<h4 class=\"pt-cv-title\"><a href=\"https:\/\/amplifylogistics.com\/es\/consejos-para-elegir-un-agente-de-carga-confiable\/\" class=\"_self cvplbd\" target=\"_self\" data-iw=\"1000\" data-ih=\"600\">Consejos para elegir un agente de carga confiable<\/a><\/h4>\n<div class=\"pt-cv-content\">Un agente de carga confiable puede hacer o deshacer su negocio. Dado que son responsables de enviar y almacenar la carga, el nivel de servicio que proporciona un agente de ...<br \/><div class=\"pt-cv-rmwrap\"><a href=\"https:\/\/amplifylogistics.com\/es\/consejos-para-elegir-un-agente-de-carga-confiable\/\" class=\"_self pt-cv-readmore btn btn-success cvplbd\" target=\"_self\" data-iw=\"1000\" data-ih=\"600\">Leer m\u00e1s<\/a><\/div><\/div><\/div><\/div>\n<div class=\"col-md-6 col-sm-6 col-xs-12 pt-cv-content-item pt-cv-1-col\"  data-pid=\"3408\"><div class='pt-cv-ifield'><a href=\"https:\/\/amplifylogistics.com\/es\/8-cosas-a-considerar-al-elegir-un-agente-de-carga\/\" class=\"_self pt-cv-href-thumbnail pt-cv-thumb-default cvplbd cvp-lazy-container cvp-responsive-image img-none\" target=\"_self\" data-iw=\"1000\" data-ih=\"600\"><img loading=\"lazy\" decoding=\"async\" width=\"960\" height=\"565\" src=\"https:\/\/amplifylogistics.com\/wp-content\/plugins\/pt-content-views-pro\/public\/assets\/images\/lazy_image.png\" class=\"pt-cv-thumbnail img-none cvplazy\" alt=\"8 cosas a considerar al elegir un agente de carga\" data-cvpsrc=\"https:\/\/amplifylogistics.com\/wp-content\/uploads\/2019\/12\/Express-car-transportation-1.jpg\" data-cvpset=\"https:\/\/amplifylogistics.com\/wp-content\/uploads\/2019\/12\/Express-car-transportation-1.jpg 960w, https:\/\/amplifylogistics.com\/wp-content\/uploads\/2019\/12\/Express-car-transportation-1-300x177.jpg 300w, https:\/\/amplifylogistics.com\/wp-content\/uploads\/2019\/12\/Express-car-transportation-1-768x452.jpg 768w\" \/><\/a>\n<h4 class=\"pt-cv-title\"><a href=\"https:\/\/amplifylogistics.com\/es\/8-cosas-a-considerar-al-elegir-un-agente-de-carga\/\" class=\"_self cvplbd\" target=\"_self\" data-iw=\"1000\" data-ih=\"600\">8 cosas a considerar al elegir un agente de carga<\/a><\/h4>\n<div class=\"pt-cv-content\">Cuando hay escasez de capacidad de camiones, un buen agente de carga se asegurar\u00e1 de que su negocio satisfaga sus necesidades de transporte sin la molestia de administrar la relaci\u00f3n ...<br \/><div class=\"pt-cv-rmwrap\"><a href=\"https:\/\/amplifylogistics.com\/es\/8-cosas-a-considerar-al-elegir-un-agente-de-carga\/\" class=\"_self pt-cv-readmore btn btn-success cvplbd\" target=\"_self\" data-iw=\"1000\" data-ih=\"600\">Leer m\u00e1s<\/a><\/div><\/div><\/div><\/div><\/div><\/div>\n<div class=\"text-left pt-cv-pagination-wrapper\"><ul class=\"pt-cv-pagination pt-cv-ajax pagination\" data-totalpages=\"5\" data-currentpage=\"1\" data-sid=\"21bb7b52dt\" data-unid=\"\" data-isblock=\"\" data-postid=\"\"><li class=\"active\"><a href=\"#\">1<\/a><\/li>\n\t<li ><a class=\"\" href=\"https:\/\/amplifylogistics.com\/es\/wp-json\/wp\/v2\/pages\/3312\/?_page=2\">2<\/a><\/li>\n\t<li ><a class=\"\" href=\"https:\/\/amplifylogistics.com\/es\/wp-json\/wp\/v2\/pages\/3312\/?_page=3\">3<\/a><\/li>\n\t<li ><a href=\"#\">&hellip;<\/a><\/li>\n\t<li ><a class=\"\" href=\"https:\/\/amplifylogistics.com\/es\/wp-json\/wp\/v2\/pages\/3312\/?_page=5\">5<\/a><\/li>\n\t<li ><a class=\" \" href=\"https:\/\/amplifylogistics.com\/es\/wp-json\/wp\/v2\/pages\/3312\/?_page=2\">&rsaquo;<\/a><\/li>\n\t<\/ul><img loading=\"lazy\" decoding=\"async\" width=\"15\" height=\"15\" class=\"pt-cv-spinner\" alt=\"Cargando...\" src=\"data:image\/gif;base64,R0lGODlhDwAPALMPAMrKygwMDJOTkz09PZWVla+vr3p6euTk5M7OzuXl5TMzMwAAAJmZmWZmZszMzP\/\/\/yH\/C05FVFNDQVBFMi4wAwEAAAAh+QQFCgAPACwAAAAADwAPAAAEQvDJaZaZOIcV8iQK8VRX4iTYoAwZ4iCYoAjZ4RxejhVNoT+mRGP4cyF4Pp0N98sBGIBMEMOotl6YZ3S61Bmbkm4mAgAh+QQFCgAPACwAAAAADQANAAAENPDJSRSZeA418itN8QiK8BiLITVsFiyBBIoYqnoewAD4xPw9iY4XLGYSjkQR4UAUD45DLwIAIfkEBQoADwAsAAAAAA8ACQAABC\/wyVlamTi3nSdgwFNdhEJgTJoNyoB9ISYoQmdjiZPcj7EYCAeCF1gEDo4Dz2eIAAAh+QQFCgAPACwCAAAADQANAAAEM\/DJBxiYeLKdX3IJZT1FU0iIg2RNKx3OkZVnZ98ToRD4MyiDnkAh6BkNC0MvsAj0kMpHBAAh+QQFCgAPACwGAAAACQAPAAAEMDC59KpFDll73HkAA2wVY5KgiK5b0RRoI6MuzG6EQqCDMlSGheEhUAgqgUUAFRySIgAh+QQFCgAPACwCAAIADQANAAAEM\/DJKZNLND\/kkKaHc3xk+QAMYDKsiaqmZCxGVjSFFCxB1vwy2oOgIDxuucxAMTAJFAJNBAAh+QQFCgAPACwAAAYADwAJAAAEMNAs86q1yaWwwv2Ig0jUZx3OYa4XoRAfwADXoAwfo1+CIjyFRuEho60aSNYlOPxEAAAh+QQFCgAPACwAAAIADQANAAAENPA9s4y8+IUVcqaWJ4qEQozSoAzoIyhCK2NFU2SJk0hNnyEOhKR2AzAAj4Pj4GE4W0bkJQIAOw==\" \/><div class=\"clear pt-cv-clear-pagination\"><\/div><\/div><\/div>\t\t\t<style type=\"text\/css\" id=\"pt-cv-inline-style-9b92ac13w9\">#pt-cv-view-21bb7b52dt  .pt-cv-ifield   { background-color: rgba(255,255,255,0.82) !important; }\n#pt-cv-view-21bb7b52dt.pt-cv-post-border { margin: 0; border-top-width: 1px; border-left-width: 1px }\n#pt-cv-view-21bb7b52dt.pt-cv-post-border { margin: 0; border-top-style: solid; border-left-style: solid }\n#pt-cv-view-21bb7b52dt.pt-cv-post-border .pt-cv-content-item   { border-right-width: 1px; border-bottom-width: 1px; border-right-style: solid; border-bottom-style: solid; }\n#pt-cv-view-21bb7b52dt .pt-cv-title a, #pt-cv-view-21bb7b52dt  .panel-title { font-weight: 600 !important; }\n#pt-cv-view-21bb7b52dt  .pt-cv-hover-wrapper::before   { background-color: rgba(0,0,0,.3) !important; }\n#pt-cv-view-21bb7b52dt  .pt-cv-content-item:hover .pt-cv-hover-wrapper::before   { background-color: rgba(51,51,51,.6) !important; }\n#pt-cv-view-21bb7b52dt:not(.pt-cv-nohover) .pt-cv-mask *   { color: #fff; }\n#pt-cv-view-21bb7b52dt .pt-cv-carousel-caption  { background-color: rgba(51,51,51,.6) !important; }\n#pt-cv-view-21bb7b52dt .pt-cv-specialp { background-color: #CC3333 !important }\n#pt-cv-view-21bb7b52dt .pt-cv-specialp * { color: #fff !important; }\n#pt-cv-view-21bb7b52dt .pt-cv-pficon  { color: #bbb !important; }\n#pt-cv-view-21bb7b52dt  .add_to_cart_button, #pt-cv-view-21bb7b52dt  .add_to_cart_button *   { color: #ffffff !important; background-color: #00aeef !important; }\n#pt-cv-view-21bb7b52dt  .woocommerce-onsale   { color: #ffffff !important; background-color: #ff5a5f !important; }\n#pt-cv-view-21bb7b52dt .pt-cv-readmore  { color: #ffffff !important; background-color: #093f7f !important; }\n#pt-cv-view-21bb7b52dt .pt-cv-readmore:hover  { color: #ffffff !important; background-color: #e42b26 !important; }\n#pt-cv-view-21bb7b52dt  + .pt-cv-pagination-wrapper .pt-cv-more , #pt-cv-view-21bb7b52dt  + .pt-cv-pagination-wrapper .pagination .active a { color: #ffffff !important; background-color: #093f7f !important; }\n[id^='pt-cv-filter-bar-21bb7b52dt'] .active.pt-cv-filter-option, [id^='pt-cv-filter-bar-21bb7b52dt'] .active .pt-cv-filter-option, [id^='pt-cv-filter-bar-21bb7b52dt'] .selected.pt-cv-filter-option, [id^='pt-cv-filter-bar-21bb7b52dt'] .dropdown-toggle   { color: #fff !important; background-color: #00aeef !important; }\n[id^='pt-cv-filter-bar-21bb7b52dt'] .pt-cv-filter-title   { color: #fff !important; background-color: #00aeef !important; }\n#pt-cv-gls-21bb7b52dt li a.pt-active   { color: #fff !important; background-color: #ff5a5f !important; }\n#pt-cv-view-21bb7b52dt .pt-cv-gls-header  { color: #fff !important; background-color: #00aeef !important; }\n#pt-cv-view-21bb7b52dt .cvp-responsive-image[style*=\"background-image\"] { width: 1000px; height: 600px; }\n#pt-cv-view-21bb7b52dt { text-align: center; }<\/style>\r\n\t\t\t<\/div>\n","protected":false},"excerpt":{"rendered":"","protected":false},"author":2,"featured_media":0,"parent":0,"menu_order":0,"comment_status":"closed","ping_status":"closed","template":"","meta":{"_acf_changed":false,"footnotes":""},"class_list":["post-3312","page","type-page","status-publish","hentry"],"acf":[],"yoast_head":"<!-- This site is optimized with the Yoast SEO plugin v25.5 - https:\/\/yoast.com\/wordpress\/plugins\/seo\/ -->\n<title>\u00daltimas noticias | Agente de carga de Am\u00e9rica del Norte | Ampl\u00ede la log\u00edstica<\/title>\n<meta name=\"description\" content=\"Para reservar servicios de transporte, env\u00edo, log\u00edstica, almacenamiento y distribuci\u00f3n en el agente de carga de Am\u00e9rica del Norte, Amplify Logistic ll\u00e1menos hoy al 905-459-0718.\" \/>\n<meta name=\"robots\" content=\"index, follow, max-snippet:-1, max-image-preview:large, max-video-preview:-1\" \/>\n<link rel=\"canonical\" href=\"https:\/\/amplifylogistics.com\/es\/blogs\/\" \/>\n<meta property=\"og:locale\" content=\"es_ES\" \/>\n<meta property=\"og:type\" content=\"article\" \/>\n<meta property=\"og:title\" content=\"\u00daltimas noticias | Agente de carga de Am\u00e9rica del Norte | Ampl\u00ede la log\u00edstica\" \/>\n<meta property=\"og:description\" content=\"Para reservar servicios de transporte, env\u00edo, log\u00edstica, almacenamiento y distribuci\u00f3n en el agente de carga de Am\u00e9rica del Norte, Amplify Logistic ll\u00e1menos hoy al 905-459-0718.\" \/>\n<meta property=\"og:url\" content=\"https:\/\/amplifylogistics.com\/es\/blogs\/\" \/>\n<meta property=\"og:site_name\" content=\"Amplify\" \/>\n<meta property=\"article:modified_time\" content=\"2022-12-29T11:20:27+00:00\" \/>\n<meta name=\"twitter:card\" content=\"summary_large_image\" \/>\n<meta name=\"twitter:label1\" content=\"Tiempo de lectura\" \/>\n\t<meta name=\"twitter:data1\" content=\"1 minuto\" \/>\n<script type=\"application\/ld+json\" class=\"yoast-schema-graph\">{\"@context\":\"https:\/\/schema.org\",\"@graph\":[{\"@type\":\"WebPage\",\"@id\":\"https:\/\/amplifylogistics.com\/es\/blogs\/\",\"url\":\"https:\/\/amplifylogistics.com\/es\/blogs\/\",\"name\":\"\u00daltimas noticias | Agente de carga de Am\u00e9rica del Norte | Ampl\u00ede la log\u00edstica\",\"isPartOf\":{\"@id\":\"https:\/\/amplifylogistics.com\/es\/#website\"},\"datePublished\":\"2019-08-15T14:44:18+00:00\",\"dateModified\":\"2022-12-29T11:20:27+00:00\",\"description\":\"Para reservar servicios de transporte, env\u00edo, log\u00edstica, almacenamiento y distribuci\u00f3n en el agente de carga de Am\u00e9rica del Norte, Amplify Logistic ll\u00e1menos hoy al 905-459-0718.\",\"breadcrumb\":{\"@id\":\"https:\/\/amplifylogistics.com\/es\/blogs\/#breadcrumb\"},\"inLanguage\":\"es\",\"potentialAction\":[{\"@type\":\"ReadAction\",\"target\":[\"https:\/\/amplifylogistics.com\/es\/blogs\/\"]}]},{\"@type\":\"BreadcrumbList\",\"@id\":\"https:\/\/amplifylogistics.com\/es\/blogs\/#breadcrumb\",\"itemListElement\":[{\"@type\":\"ListItem\",\"position\":1,\"name\":\"Home\",\"item\":\"https:\/\/amplifylogistics.com\/es\/hogar\/\"},{\"@type\":\"ListItem\",\"position\":2,\"name\":\"Blogs\"}]},{\"@type\":\"WebSite\",\"@id\":\"https:\/\/amplifylogistics.com\/es\/#website\",\"url\":\"https:\/\/amplifylogistics.com\/es\/\",\"name\":\"Amplify\",\"description\":\"Powerful transport & best logistic solution .Use only the highest quality services that will make your life easier\",\"potentialAction\":[{\"@type\":\"SearchAction\",\"target\":{\"@type\":\"EntryPoint\",\"urlTemplate\":\"https:\/\/amplifylogistics.com\/es\/?s={search_term_string}\"},\"query-input\":{\"@type\":\"PropertyValueSpecification\",\"valueRequired\":true,\"valueName\":\"search_term_string\"}}],\"inLanguage\":\"es\"}]}<\/script>\n<!-- \/ Yoast SEO plugin. -->","yoast_head_json":{"title":"\u00daltimas noticias | Agente de carga de Am\u00e9rica del Norte | Ampl\u00ede la log\u00edstica","description":"Para reservar servicios de transporte, env\u00edo, log\u00edstica, almacenamiento y distribuci\u00f3n en el agente de carga de Am\u00e9rica del Norte, Amplify Logistic ll\u00e1menos hoy al 905-459-0718.","robots":{"index":"index","follow":"follow","max-snippet":"max-snippet:-1","max-image-preview":"max-image-preview:large","max-video-preview":"max-video-preview:-1"},"canonical":"https:\/\/amplifylogistics.com\/es\/blogs\/","og_locale":"es_ES","og_type":"article","og_title":"\u00daltimas noticias | Agente de carga de Am\u00e9rica del Norte | Ampl\u00ede la log\u00edstica","og_description":"Para reservar servicios de transporte, env\u00edo, log\u00edstica, almacenamiento y distribuci\u00f3n en el agente de carga de Am\u00e9rica del Norte, Amplify Logistic ll\u00e1menos hoy al 905-459-0718.","og_url":"https:\/\/amplifylogistics.com\/es\/blogs\/","og_site_name":"Amplify","article_modified_time":"2022-12-29T11:20:27+00:00","twitter_card":"summary_large_image","twitter_misc":{"Tiempo de lectura":"1 minuto"},"schema":{"@context":"https:\/\/schema.org","@graph":[{"@type":"WebPage","@id":"https:\/\/amplifylogistics.com\/es\/blogs\/","url":"https:\/\/amplifylogistics.com\/es\/blogs\/","name":"\u00daltimas noticias | Agente de carga de Am\u00e9rica del Norte | Ampl\u00ede la log\u00edstica","isPartOf":{"@id":"https:\/\/amplifylogistics.com\/es\/#website"},"datePublished":"2019-08-15T14:44:18+00:00","dateModified":"2022-12-29T11:20:27+00:00","description":"Para reservar servicios de transporte, env\u00edo, log\u00edstica, almacenamiento y distribuci\u00f3n en el agente de carga de Am\u00e9rica del Norte, Amplify Logistic ll\u00e1menos hoy al 905-459-0718.","breadcrumb":{"@id":"https:\/\/amplifylogistics.com\/es\/blogs\/#breadcrumb"},"inLanguage":"es","potentialAction":[{"@type":"ReadAction","target":["https:\/\/amplifylogistics.com\/es\/blogs\/"]}]},{"@type":"BreadcrumbList","@id":"https:\/\/amplifylogistics.com\/es\/blogs\/#breadcrumb","itemListElement":[{"@type":"ListItem","position":1,"name":"Home","item":"https:\/\/amplifylogistics.com\/es\/hogar\/"},{"@type":"ListItem","position":2,"name":"Blogs"}]},{"@type":"WebSite","@id":"https:\/\/amplifylogistics.com\/es\/#website","url":"https:\/\/amplifylogistics.com\/es\/","name":"Amplify","description":"Powerful transport & best logistic solution .Use only the highest quality services that will make your life easier","potentialAction":[{"@type":"SearchAction","target":{"@type":"EntryPoint","urlTemplate":"https:\/\/amplifylogistics.com\/es\/?s={search_term_string}"},"query-input":{"@type":"PropertyValueSpecification","valueRequired":true,"valueName":"search_term_string"}}],"inLanguage":"es"}]}},"_links":{"self":[{"href":"https:\/\/amplifylogistics.com\/es\/wp-json\/wp\/v2\/pages\/3312","targetHints":{"allow":["GET"]}}],"collection":[{"href":"https:\/\/amplifylogistics.com\/es\/wp-json\/wp\/v2\/pages"}],"about":[{"href":"https:\/\/amplifylogistics.com\/es\/wp-json\/wp\/v2\/types\/page"}],"author":[{"embeddable":true,"href":"https:\/\/amplifylogistics.com\/es\/wp-json\/wp\/v2\/users\/2"}],"replies":[{"embeddable":true,"href":"https:\/\/amplifylogistics.com\/es\/wp-json\/wp\/v2\/comments?post=3312"}],"version-history":[{"count":2,"href":"https:\/\/amplifylogistics.com\/es\/wp-json\/wp\/v2\/pages\/3312\/revisions"}],"predecessor-version":[{"id":3669,"href":"https:\/\/amplifylogistics.com\/es\/wp-json\/wp\/v2\/pages\/3312\/revisions\/3669"}],"wp:attachment":[{"href":"https:\/\/amplifylogistics.com\/es\/wp-json\/wp\/v2\/media?parent=3312"}],"curies":[{"name":"wp","href":"https:\/\/api.w.org\/{rel}","templated":true}]}}