{"id":3331,"date":"2019-08-16T11:59:46","date_gmt":"2019-08-16T08:59:46","guid":{"rendered":"https:\/\/amplifylogistics.com\/?page_id=3331"},"modified":"2022-12-26T18:23:32","modified_gmt":"2022-12-26T15:23:32","slug":"ltl-freight-shipping-canada-y-ee-uu","status":"publish","type":"page","link":"https:\/\/amplifylogistics.com\/es\/ltl-freight-shipping-canada-y-ee-uu\/","title":{"rendered":"LTL Freight Shipping Canad\u00e1 y EE. UU."},"content":{"rendered":"<div class=\"blog_homsec\">\n<h2 class=\"h2 title-s h2-wrap h2-wrap_extra extra_image_blog\">Art\u00edculos adicionales<\/h2>\n<div class=\"pt-cv-wrapper\"><div class=\"pt-cv-view pt-cv-grid pt-cv-colsys pt-cv-pgloadmore\" id=\"pt-cv-view-b55dee0zq0\"><div data-id=\"pt-cv-page-1\" class=\"pt-cv-page\" data-cvc=\"2\"><div class=\"col-md-6 col-sm-6 col-xs-12 pt-cv-content-item pt-cv-1-col\"  data-pid=\"3472\"><div class='pt-cv-ifield'><h4 class=\"pt-cv-title\"><a href=\"https:\/\/amplifylogistics.com\/es\/que-es-ltl-freight-shipping\/\" class=\"_self cvplbd\" target=\"_self\" >Qu\u00e9 es LTL Freight Shipping?<\/a><\/h4>\n<div class=\"pt-cv-meta-fields\"><span class=\"entry-date\"><span class=\"glyphicon glyphicon-calendar\"><\/span> <time datetime=\"2020-03-17T00:20:16+03:00\">17\/03\/2020<\/time><\/span><\/div>\n<div class=\"pt-cv-content\">Less Than Truckload es carga que no requiere llenar un remolque de cuarenta y ocho o cincuenta y tres pies. Este tipo de env\u00edo es ideal para el transporte de ...<\/div><\/div><\/div><\/div><\/div><\/div>\t\t\t<style type=\"text\/css\" id=\"pt-cv-inline-style-997ab87o40\">#pt-cv-view-b55dee0zq0.pt-cv-post-border { margin: 0; border-top-width: 1px; border-left-width: 1px }\n#pt-cv-view-b55dee0zq0.pt-cv-post-border { margin: 0; border-top-style: solid; border-left-style: solid }\n#pt-cv-view-b55dee0zq0.pt-cv-post-border .pt-cv-content-item   { border-right-width: 1px; border-bottom-width: 1px; border-right-style: solid; border-bottom-style: solid; }\n#pt-cv-view-b55dee0zq0 .pt-cv-title a, #pt-cv-view-b55dee0zq0  .panel-title { color: #093f7f !important; font-weight: 600 !important; }\n#pt-cv-view-b55dee0zq0  .pt-cv-hover-wrapper::before   { background-color: rgba(0,0,0,.3) !important; }\n#pt-cv-view-b55dee0zq0  .pt-cv-content-item:hover .pt-cv-hover-wrapper::before   { background-color: rgba(51,51,51,.6) !important; }\n#pt-cv-view-b55dee0zq0:not(.pt-cv-nohover) .pt-cv-mask *   { color: #fff; }\n#pt-cv-view-b55dee0zq0 .pt-cv-carousel-caption  { background-color: rgba(51,51,51,.6) !important; }\n#pt-cv-view-b55dee0zq0 .pt-cv-specialp { background-color: #CC3333 !important }\n#pt-cv-view-b55dee0zq0 .pt-cv-specialp * { color: #fff !important; }\n#pt-cv-view-b55dee0zq0 .pt-cv-pficon  { color: #bbb !important; }\n#pt-cv-view-b55dee0zq0  .add_to_cart_button, #pt-cv-view-b55dee0zq0  .add_to_cart_button *   { color: #ffffff !important; background-color: #00aeef !important; }\n#pt-cv-view-b55dee0zq0  .woocommerce-onsale   { color: #ffffff !important; background-color: #ff5a5f !important; }\n#pt-cv-view-b55dee0zq0 .pt-cv-readmore  { color: #ffffff !important; background-color: #093f7f !important; float: right !important; display: inline-block !important; text-align: right !important; clear: both !important; }\n#pt-cv-view-b55dee0zq0 .pt-cv-readmore:hover  { color: #ffffff !important; background-color: #e42b26 !important; }\n#pt-cv-view-b55dee0zq0  + .pt-cv-pagination-wrapper .pt-cv-more , #pt-cv-view-b55dee0zq0  + .pt-cv-pagination-wrapper .pagination .active a { color: #ffffff !important; background-color: #e32f26 !important; }\n[id^='pt-cv-filter-bar-b55dee0zq0'] .active.pt-cv-filter-option, [id^='pt-cv-filter-bar-b55dee0zq0'] .active .pt-cv-filter-option, [id^='pt-cv-filter-bar-b55dee0zq0'] .selected.pt-cv-filter-option, [id^='pt-cv-filter-bar-b55dee0zq0'] .dropdown-toggle   { color: #fff !important; background-color: #00aeef !important; }\n[id^='pt-cv-filter-bar-b55dee0zq0'] .pt-cv-filter-title   { color: #fff !important; background-color: #00aeef !important; }\n#pt-cv-gls-b55dee0zq0 li a.pt-active   { color: #fff !important; background-color: #ff5a5f !important; }\n#pt-cv-view-b55dee0zq0 .pt-cv-gls-header  { color: #fff !important; background-color: #00aeef !important; }<\/style>\r\n\t\t\t\n<\/div>\n","protected":false},"excerpt":{"rendered":"<p>Art\u00edculos adicionales<\/p>\n","protected":false},"author":2,"featured_media":0,"parent":0,"menu_order":0,"comment_status":"closed","ping_status":"closed","template":"","meta":{"_acf_changed":false,"footnotes":""},"class_list":["post-3331","page","type-page","status-publish","hentry"],"acf":[],"yoast_head":"<!-- This site is optimized with the Yoast SEO plugin v25.5 - https:\/\/yoast.com\/wordpress\/plugins\/seo\/ -->\n<title>LTL Freight Shipping Canad\u00e1 y EE.UU. | Ampl\u00ede la log\u00edstica<\/title>\n<meta name=\"description\" content=\"Amplify Logistics ofrece servicios de transporte de carga LTL en Canad\u00e1 y Estados Unidos siempre que lo necesite. Ll\u00e1menos para reservar su env\u00edo ahora.\" \/>\n<meta name=\"robots\" content=\"index, follow, max-snippet:-1, max-image-preview:large, max-video-preview:-1\" \/>\n<link rel=\"canonical\" href=\"https:\/\/amplifylogistics.com\/es\/ltl-freight-shipping-canada-y-ee-uu\/\" \/>\n<meta property=\"og:locale\" content=\"es_ES\" \/>\n<meta property=\"og:type\" content=\"article\" \/>\n<meta property=\"og:title\" content=\"LTL Freight Shipping Canad\u00e1 y EE.UU. | Ampl\u00ede la log\u00edstica\" \/>\n<meta property=\"og:description\" content=\"Amplify Logistics ofrece servicios de transporte de carga LTL en Canad\u00e1 y Estados Unidos siempre que lo necesite. Ll\u00e1menos para reservar su env\u00edo ahora.\" \/>\n<meta property=\"og:url\" content=\"https:\/\/amplifylogistics.com\/es\/ltl-freight-shipping-canada-y-ee-uu\/\" \/>\n<meta property=\"og:site_name\" content=\"Amplify\" \/>\n<meta property=\"article:modified_time\" content=\"2022-12-26T15:23:32+00:00\" \/>\n<meta name=\"twitter:card\" content=\"summary_large_image\" \/>\n<script type=\"application\/ld+json\" class=\"yoast-schema-graph\">{\"@context\":\"https:\/\/schema.org\",\"@graph\":[{\"@type\":\"WebPage\",\"@id\":\"https:\/\/amplifylogistics.com\/es\/ltl-freight-shipping-canada-y-ee-uu\/\",\"url\":\"https:\/\/amplifylogistics.com\/es\/ltl-freight-shipping-canada-y-ee-uu\/\",\"name\":\"LTL Freight Shipping Canad\u00e1 y EE.UU. | Ampl\u00ede la log\u00edstica\",\"isPartOf\":{\"@id\":\"https:\/\/amplifylogistics.com\/es\/#website\"},\"datePublished\":\"2019-08-16T08:59:46+00:00\",\"dateModified\":\"2022-12-26T15:23:32+00:00\",\"description\":\"Amplify Logistics ofrece servicios de transporte de carga LTL en Canad\u00e1 y Estados Unidos siempre que lo necesite. Ll\u00e1menos para reservar su env\u00edo ahora.\",\"breadcrumb\":{\"@id\":\"https:\/\/amplifylogistics.com\/es\/ltl-freight-shipping-canada-y-ee-uu\/#breadcrumb\"},\"inLanguage\":\"es\",\"potentialAction\":[{\"@type\":\"ReadAction\",\"target\":[\"https:\/\/amplifylogistics.com\/es\/ltl-freight-shipping-canada-y-ee-uu\/\"]}]},{\"@type\":\"BreadcrumbList\",\"@id\":\"https:\/\/amplifylogistics.com\/es\/ltl-freight-shipping-canada-y-ee-uu\/#breadcrumb\",\"itemListElement\":[{\"@type\":\"ListItem\",\"position\":1,\"name\":\"Home\",\"item\":\"https:\/\/amplifylogistics.com\/es\/hogar\/\"},{\"@type\":\"ListItem\",\"position\":2,\"name\":\"LTL Freight Shipping Canad\u00e1 y EE. UU.\"}]},{\"@type\":\"WebSite\",\"@id\":\"https:\/\/amplifylogistics.com\/es\/#website\",\"url\":\"https:\/\/amplifylogistics.com\/es\/\",\"name\":\"Amplify\",\"description\":\"Powerful transport & best logistic solution .Use only the highest quality services that will make your life easier\",\"potentialAction\":[{\"@type\":\"SearchAction\",\"target\":{\"@type\":\"EntryPoint\",\"urlTemplate\":\"https:\/\/amplifylogistics.com\/es\/?s={search_term_string}\"},\"query-input\":{\"@type\":\"PropertyValueSpecification\",\"valueRequired\":true,\"valueName\":\"search_term_string\"}}],\"inLanguage\":\"es\"}]}<\/script>\n<!-- \/ Yoast SEO plugin. -->","yoast_head_json":{"title":"LTL Freight Shipping Canad\u00e1 y EE.UU. | Ampl\u00ede la log\u00edstica","description":"Amplify Logistics ofrece servicios de transporte de carga LTL en Canad\u00e1 y Estados Unidos siempre que lo necesite. Ll\u00e1menos para reservar su env\u00edo ahora.","robots":{"index":"index","follow":"follow","max-snippet":"max-snippet:-1","max-image-preview":"max-image-preview:large","max-video-preview":"max-video-preview:-1"},"canonical":"https:\/\/amplifylogistics.com\/es\/ltl-freight-shipping-canada-y-ee-uu\/","og_locale":"es_ES","og_type":"article","og_title":"LTL Freight Shipping Canad\u00e1 y EE.UU. | Ampl\u00ede la log\u00edstica","og_description":"Amplify Logistics ofrece servicios de transporte de carga LTL en Canad\u00e1 y Estados Unidos siempre que lo necesite. Ll\u00e1menos para reservar su env\u00edo ahora.","og_url":"https:\/\/amplifylogistics.com\/es\/ltl-freight-shipping-canada-y-ee-uu\/","og_site_name":"Amplify","article_modified_time":"2022-12-26T15:23:32+00:00","twitter_card":"summary_large_image","schema":{"@context":"https:\/\/schema.org","@graph":[{"@type":"WebPage","@id":"https:\/\/amplifylogistics.com\/es\/ltl-freight-shipping-canada-y-ee-uu\/","url":"https:\/\/amplifylogistics.com\/es\/ltl-freight-shipping-canada-y-ee-uu\/","name":"LTL Freight Shipping Canad\u00e1 y EE.UU. | Ampl\u00ede la log\u00edstica","isPartOf":{"@id":"https:\/\/amplifylogistics.com\/es\/#website"},"datePublished":"2019-08-16T08:59:46+00:00","dateModified":"2022-12-26T15:23:32+00:00","description":"Amplify Logistics ofrece servicios de transporte de carga LTL en Canad\u00e1 y Estados Unidos siempre que lo necesite. Ll\u00e1menos para reservar su env\u00edo ahora.","breadcrumb":{"@id":"https:\/\/amplifylogistics.com\/es\/ltl-freight-shipping-canada-y-ee-uu\/#breadcrumb"},"inLanguage":"es","potentialAction":[{"@type":"ReadAction","target":["https:\/\/amplifylogistics.com\/es\/ltl-freight-shipping-canada-y-ee-uu\/"]}]},{"@type":"BreadcrumbList","@id":"https:\/\/amplifylogistics.com\/es\/ltl-freight-shipping-canada-y-ee-uu\/#breadcrumb","itemListElement":[{"@type":"ListItem","position":1,"name":"Home","item":"https:\/\/amplifylogistics.com\/es\/hogar\/"},{"@type":"ListItem","position":2,"name":"LTL Freight Shipping Canad\u00e1 y EE. UU."}]},{"@type":"WebSite","@id":"https:\/\/amplifylogistics.com\/es\/#website","url":"https:\/\/amplifylogistics.com\/es\/","name":"Amplify","description":"Powerful transport & best logistic solution .Use only the highest quality services that will make your life easier","potentialAction":[{"@type":"SearchAction","target":{"@type":"EntryPoint","urlTemplate":"https:\/\/amplifylogistics.com\/es\/?s={search_term_string}"},"query-input":{"@type":"PropertyValueSpecification","valueRequired":true,"valueName":"search_term_string"}}],"inLanguage":"es"}]}},"_links":{"self":[{"href":"https:\/\/amplifylogistics.com\/es\/wp-json\/wp\/v2\/pages\/3331","targetHints":{"allow":["GET"]}}],"collection":[{"href":"https:\/\/amplifylogistics.com\/es\/wp-json\/wp\/v2\/pages"}],"about":[{"href":"https:\/\/amplifylogistics.com\/es\/wp-json\/wp\/v2\/types\/page"}],"author":[{"embeddable":true,"href":"https:\/\/amplifylogistics.com\/es\/wp-json\/wp\/v2\/users\/2"}],"replies":[{"embeddable":true,"href":"https:\/\/amplifylogistics.com\/es\/wp-json\/wp\/v2\/comments?post=3331"}],"version-history":[{"count":1,"href":"https:\/\/amplifylogistics.com\/es\/wp-json\/wp\/v2\/pages\/3331\/revisions"}],"predecessor-version":[{"id":3618,"href":"https:\/\/amplifylogistics.com\/es\/wp-json\/wp\/v2\/pages\/3331\/revisions\/3618"}],"wp:attachment":[{"href":"https:\/\/amplifylogistics.com\/es\/wp-json\/wp\/v2\/media?parent=3331"}],"curies":[{"name":"wp","href":"https:\/\/api.w.org\/{rel}","templated":true}]}}