{"id":3339,"date":"2019-08-16T11:49:51","date_gmt":"2019-08-16T08:49:51","guid":{"rendered":"https:\/\/amplifylogistics.com\/?page_id=3339"},"modified":"2022-12-25T20:16:52","modified_gmt":"2022-12-25T17:16:52","slug":"tecnologia","status":"publish","type":"page","link":"https:\/\/amplifylogistics.com\/es\/tecnologia\/","title":{"rendered":"Tecnolog\u00eda"},"content":{"rendered":"","protected":false},"excerpt":{"rendered":"","protected":false},"author":2,"featured_media":0,"parent":0,"menu_order":0,"comment_status":"closed","ping_status":"closed","template":"","meta":{"_acf_changed":false,"footnotes":""},"class_list":["post-3339","page","type-page","status-publish","hentry"],"acf":[],"yoast_head":"<!-- This site is optimized with the Yoast SEO plugin v25.5 - https:\/\/yoast.com\/wordpress\/plugins\/seo\/ -->\n<title>Transport Company Canada - Tecnolog\u00eda | Ampl\u00ede la log\u00edstica<\/title>\n<meta name=\"description\" content=\"Amplify Logistics es una de las empresas de transporte m\u00e1s r\u00e1pidas de Canad\u00e1. Ofrecemos seguimiento en tiempo real del env\u00edo y la carga para una mayor eficiencia. Llame ahora al 905-459-0718\" \/>\n<meta name=\"robots\" content=\"index, follow, max-snippet:-1, max-image-preview:large, max-video-preview:-1\" \/>\n<link rel=\"canonical\" href=\"https:\/\/amplifylogistics.com\/es\/tecnologia\/\" \/>\n<meta property=\"og:locale\" content=\"es_ES\" \/>\n<meta property=\"og:type\" content=\"article\" \/>\n<meta property=\"og:title\" content=\"Transport Company Canada - Tecnolog\u00eda | Ampl\u00ede la log\u00edstica\" \/>\n<meta property=\"og:description\" content=\"Amplify Logistics es una de las empresas de transporte m\u00e1s r\u00e1pidas de Canad\u00e1. Ofrecemos seguimiento en tiempo real del env\u00edo y la carga para una mayor eficiencia. Llame ahora al 905-459-0718\" \/>\n<meta property=\"og:url\" content=\"https:\/\/amplifylogistics.com\/es\/tecnologia\/\" \/>\n<meta property=\"og:site_name\" content=\"Amplify\" \/>\n<meta property=\"article:modified_time\" content=\"2022-12-25T17:16:52+00:00\" \/>\n<meta name=\"twitter:card\" content=\"summary_large_image\" \/>\n<script type=\"application\/ld+json\" class=\"yoast-schema-graph\">{\"@context\":\"https:\/\/schema.org\",\"@graph\":[{\"@type\":\"WebPage\",\"@id\":\"https:\/\/amplifylogistics.com\/es\/tecnologia\/\",\"url\":\"https:\/\/amplifylogistics.com\/es\/tecnologia\/\",\"name\":\"Transport Company Canada - Tecnolog\u00eda | Ampl\u00ede la log\u00edstica\",\"isPartOf\":{\"@id\":\"https:\/\/amplifylogistics.com\/es\/#website\"},\"datePublished\":\"2019-08-16T08:49:51+00:00\",\"dateModified\":\"2022-12-25T17:16:52+00:00\",\"description\":\"Amplify Logistics es una de las empresas de transporte m\u00e1s r\u00e1pidas de Canad\u00e1. Ofrecemos seguimiento en tiempo real del env\u00edo y la carga para una mayor eficiencia. Llame ahora al 905-459-0718\",\"breadcrumb\":{\"@id\":\"https:\/\/amplifylogistics.com\/es\/tecnologia\/#breadcrumb\"},\"inLanguage\":\"es\",\"potentialAction\":[{\"@type\":\"ReadAction\",\"target\":[\"https:\/\/amplifylogistics.com\/es\/tecnologia\/\"]}]},{\"@type\":\"BreadcrumbList\",\"@id\":\"https:\/\/amplifylogistics.com\/es\/tecnologia\/#breadcrumb\",\"itemListElement\":[{\"@type\":\"ListItem\",\"position\":1,\"name\":\"Home\",\"item\":\"https:\/\/amplifylogistics.com\/es\/hogar\/\"},{\"@type\":\"ListItem\",\"position\":2,\"name\":\"Tecnolog\u00eda\"}]},{\"@type\":\"WebSite\",\"@id\":\"https:\/\/amplifylogistics.com\/es\/#website\",\"url\":\"https:\/\/amplifylogistics.com\/es\/\",\"name\":\"Amplify\",\"description\":\"Powerful transport & best logistic solution .Use only the highest quality services that will make your life easier\",\"potentialAction\":[{\"@type\":\"SearchAction\",\"target\":{\"@type\":\"EntryPoint\",\"urlTemplate\":\"https:\/\/amplifylogistics.com\/es\/?s={search_term_string}\"},\"query-input\":{\"@type\":\"PropertyValueSpecification\",\"valueRequired\":true,\"valueName\":\"search_term_string\"}}],\"inLanguage\":\"es\"}]}<\/script>\n<!-- \/ Yoast SEO plugin. -->","yoast_head_json":{"title":"Transport Company Canada - Tecnolog\u00eda | Ampl\u00ede la log\u00edstica","description":"Amplify Logistics es una de las empresas de transporte m\u00e1s r\u00e1pidas de Canad\u00e1. Ofrecemos seguimiento en tiempo real del env\u00edo y la carga para una mayor eficiencia. Llame ahora al 905-459-0718","robots":{"index":"index","follow":"follow","max-snippet":"max-snippet:-1","max-image-preview":"max-image-preview:large","max-video-preview":"max-video-preview:-1"},"canonical":"https:\/\/amplifylogistics.com\/es\/tecnologia\/","og_locale":"es_ES","og_type":"article","og_title":"Transport Company Canada - Tecnolog\u00eda | Ampl\u00ede la log\u00edstica","og_description":"Amplify Logistics es una de las empresas de transporte m\u00e1s r\u00e1pidas de Canad\u00e1. Ofrecemos seguimiento en tiempo real del env\u00edo y la carga para una mayor eficiencia. Llame ahora al 905-459-0718","og_url":"https:\/\/amplifylogistics.com\/es\/tecnologia\/","og_site_name":"Amplify","article_modified_time":"2022-12-25T17:16:52+00:00","twitter_card":"summary_large_image","schema":{"@context":"https:\/\/schema.org","@graph":[{"@type":"WebPage","@id":"https:\/\/amplifylogistics.com\/es\/tecnologia\/","url":"https:\/\/amplifylogistics.com\/es\/tecnologia\/","name":"Transport Company Canada - Tecnolog\u00eda | Ampl\u00ede la log\u00edstica","isPartOf":{"@id":"https:\/\/amplifylogistics.com\/es\/#website"},"datePublished":"2019-08-16T08:49:51+00:00","dateModified":"2022-12-25T17:16:52+00:00","description":"Amplify Logistics es una de las empresas de transporte m\u00e1s r\u00e1pidas de Canad\u00e1. Ofrecemos seguimiento en tiempo real del env\u00edo y la carga para una mayor eficiencia. Llame ahora al 905-459-0718","breadcrumb":{"@id":"https:\/\/amplifylogistics.com\/es\/tecnologia\/#breadcrumb"},"inLanguage":"es","potentialAction":[{"@type":"ReadAction","target":["https:\/\/amplifylogistics.com\/es\/tecnologia\/"]}]},{"@type":"BreadcrumbList","@id":"https:\/\/amplifylogistics.com\/es\/tecnologia\/#breadcrumb","itemListElement":[{"@type":"ListItem","position":1,"name":"Home","item":"https:\/\/amplifylogistics.com\/es\/hogar\/"},{"@type":"ListItem","position":2,"name":"Tecnolog\u00eda"}]},{"@type":"WebSite","@id":"https:\/\/amplifylogistics.com\/es\/#website","url":"https:\/\/amplifylogistics.com\/es\/","name":"Amplify","description":"Powerful transport & best logistic solution .Use only the highest quality services that will make your life easier","potentialAction":[{"@type":"SearchAction","target":{"@type":"EntryPoint","urlTemplate":"https:\/\/amplifylogistics.com\/es\/?s={search_term_string}"},"query-input":{"@type":"PropertyValueSpecification","valueRequired":true,"valueName":"search_term_string"}}],"inLanguage":"es"}]}},"_links":{"self":[{"href":"https:\/\/amplifylogistics.com\/es\/wp-json\/wp\/v2\/pages\/3339","targetHints":{"allow":["GET"]}}],"collection":[{"href":"https:\/\/amplifylogistics.com\/es\/wp-json\/wp\/v2\/pages"}],"about":[{"href":"https:\/\/amplifylogistics.com\/es\/wp-json\/wp\/v2\/types\/page"}],"author":[{"embeddable":true,"href":"https:\/\/amplifylogistics.com\/es\/wp-json\/wp\/v2\/users\/2"}],"replies":[{"embeddable":true,"href":"https:\/\/amplifylogistics.com\/es\/wp-json\/wp\/v2\/comments?post=3339"}],"version-history":[{"count":1,"href":"https:\/\/amplifylogistics.com\/es\/wp-json\/wp\/v2\/pages\/3339\/revisions"}],"predecessor-version":[{"id":3629,"href":"https:\/\/amplifylogistics.com\/es\/wp-json\/wp\/v2\/pages\/3339\/revisions\/3629"}],"wp:attachment":[{"href":"https:\/\/amplifylogistics.com\/es\/wp-json\/wp\/v2\/media?parent=3339"}],"curies":[{"name":"wp","href":"https:\/\/api.w.org\/{rel}","templated":true}]}}